{"id":39,"date":"2024-10-24T19:37:34","date_gmt":"2024-10-24T19:37:34","guid":{"rendered":"https:\/\/holymarket.cl\/franquicia\/?page_id=39"},"modified":"2024-10-28T20:41:28","modified_gmt":"2024-10-28T20:41:28","slug":"index","status":"publish","type":"page","link":"https:\/\/holymarket.cl\/franquicia\/","title":{"rendered":"index"},"content":{"rendered":"<div class=\"wpb-content-wrapper\"><p>[vc_row row_height_percent=\u00bb55&#8243; override_padding=\u00bbyes\u00bb h_padding=\u00bb5&#8243; top_padding=\u00bb0&#8243; bottom_padding=\u00bb0&#8243; back_color=\u00bbcolor-nhtu\u00bb back_image=\u00bb71&#8243; back_repeat=\u00bbno-repeat\u00bb back_position=\u00bbcenter center\u00bb parallax=\u00bbyes\u00bb overlay_color=\u00bbcolor-nhtu\u00bb overlay_alpha=\u00bb75&#8243; gutter_size=\u00bb3&#8243; column_width_percent=\u00bb100&#8243; shift_y=\u00bb0&#8243; z_index=\u00bb0&#8243; uncode_shortcode_id=\u00bb109098&#8243; back_color_type=\u00bbuncode-palette\u00bb overlay_color_type=\u00bbuncode-palette\u00bb shape_dividers=\u00bb\u00bb][vc_column column_width_percent=\u00bb100&#8243; position_vertical=\u00bbmiddle\u00bb align_horizontal=\u00bbalign_center\u00bb gutter_size=\u00bb3&#8243; style=\u00bbdark\u00bb overlay_alpha=\u00bb50&#8243; shift_x=\u00bb0&#8243; shift_y=\u00bb0&#8243; shift_y_down=\u00bb0&#8243; z_index=\u00bb0&#8243; medium_width=\u00bb0&#8243; mobile_width=\u00bb0&#8243; width=\u00bb1\/1&#8243; uncode_shortcode_id=\u00bb221289&#8243;][vc_single_image media=\u00bb56&#8243; media_width_percent=\u00bb18&#8243; alignment=\u00bbcenter\u00bb uncode_shortcode_id=\u00bb195977&#8243;][vc_custom_heading heading_semantic=\u00bbh1&#8243; text_size=\u00bbh1&#8243; uncode_shortcode_id=\u00bb182742&#8243;]Adquiere tu Franquicia[\/vc_custom_heading][vc_custom_heading heading_semantic=\u00bbp\u00bb text_size=\u00bb\u00bb text_weight=\u00bb400&#8243; uncode_shortcode_id=\u00bb146133&#8243;]En Holy Market, en menos de 4 a\u00f1os logramos abrir 4 locales.<br \/>\n\u00a1Tenemos cuatro locales que no paran de crecer! Holy Market ya se ha convertido en una marca reconocida y querida por la comunidad, destac\u00e1ndonos por la cercan\u00eda con nuestros clientes y la calidad de nuestros productos.[\/vc_custom_heading][\/vc_column][\/vc_row][vc_row row_height_percent=\u00bb0&#8243; override_padding=\u00bbyes\u00bb h_padding=\u00bb2&#8243; top_padding=\u00bb3&#8243; bottom_padding=\u00bb2&#8243; back_color=\u00bbcolor-nhtu\u00bb overlay_alpha=\u00bb50&#8243; equal_height=\u00bbyes\u00bb gutter_size=\u00bb3&#8243; column_width_percent=\u00bb100&#8243; shift_y=\u00bb0&#8243; z_index=\u00bb0&#8243; uncode_shortcode_id=\u00bb105770&#8243; back_color_type=\u00bbuncode-palette\u00bb][vc_column column_width_percent=\u00bb100&#8243; position_vertical=\u00bbmiddle\u00bb gutter_size=\u00bb2&#8243; style=\u00bbdark\u00bb overlay_alpha=\u00bb50&#8243; shift_x=\u00bb0&#8243; shift_y=\u00bb0&#8243; shift_y_down=\u00bb0&#8243; z_index=\u00bb0&#8243; medium_width=\u00bb0&#8243; mobile_width=\u00bb0&#8243; width=\u00bb1\/1&#8243; uncode_shortcode_id=\u00bb159999&#8243;][vc_custom_heading heading_semantic=\u00bbp\u00bb text_size=\u00bb\u00bb text_weight=\u00bb400&#8243; uncode_shortcode_id=\u00bb332386&#8243;]Abrir una franquicia con nosotros significa unirte a una marca comprometida con ofrecer una experiencia de compra excepcional, productos seleccionados con cuidado y un servicio personalizado. Nos especializamos en alimentos, bebidas, snacks y otros esenciales, asegurando que nuestros locales sean un punto de referencia para el d\u00eda a d\u00eda.[\/vc_custom_heading][vc_custom_heading heading_semantic=\u00bbp\u00bb text_size=\u00bb\u00bb text_weight=\u00bb400&#8243; uncode_shortcode_id=\u00bb539039&#8243;]Nuestros procesos operativos est\u00e1n listos para ser implementados f\u00e1cilmente, con capacitaciones continuas y supervisi\u00f3n para garantizar que tu franquicia funcione con los m\u00e1s altos est\u00e1ndares. Adem\u00e1s, te respaldamos con un modelo comercial, administrativo y de gesti\u00f3n de personal que asegura un alto retorno de inversi\u00f3n.[\/vc_custom_heading][vc_custom_heading heading_semantic=\u00bbp\u00bb text_size=\u00bb\u00bb text_weight=\u00bb400&#8243; uncode_shortcode_id=\u00bb162474&#8243;]\u00bfTe gustar\u00eda tener tu propio Holy Market? \u00a1Esta es tu oportunidad!<br \/>\nCont\u00e1ctanos hoy mismo para m\u00e1s informaci\u00f3n y s\u00e9 parte de nuestro \u00e9xito.[\/vc_custom_heading][vc_empty_space empty_h=\u00bb2&#8243;][vc_custom_heading text_color=\u00bbcolor-794395&#8243; uncode_shortcode_id=\u00bb178637&#8243; text_color_type=\u00bbuncode-palette\u00bb]Formulario de Solicitud[\/vc_custom_heading]\n<div class=\"wpcf7 no-js\" id=\"wpcf7-f42-o1\" lang=\"es-ES\" dir=\"ltr\">\n<div class=\"screen-reader-response\"><p role=\"status\" aria-live=\"polite\" aria-atomic=\"true\"><\/p> <ul><\/ul><\/div>\n<form action=\"\/franquicia\/wp-json\/wp\/v2\/pages\/39#wpcf7-f42-o1\" method=\"post\" class=\"wpcf7-form init\" aria-label=\"Formulario de contacto\" novalidate=\"novalidate\" data-status=\"init\">\n<div style=\"display: none;\">\n<input type=\"hidden\" name=\"_wpcf7\" value=\"42\" \/>\n<input type=\"hidden\" name=\"_wpcf7_version\" value=\"5.9.8\" \/>\n<input type=\"hidden\" name=\"_wpcf7_locale\" value=\"es_ES\" \/>\n<input type=\"hidden\" name=\"_wpcf7_unit_tag\" value=\"wpcf7-f42-o1\" \/>\n<input type=\"hidden\" name=\"_wpcf7_container_post\" value=\"0\" \/>\n<input type=\"hidden\" name=\"_wpcf7_posted_data_hash\" value=\"\" \/>\n<\/div>\n<h3>Datos Personales:\n<\/h3>\n<p><span class=\"wpcf7-form-control-wrap\" data-name=\"Nombre\"><input size=\"40\" maxlength=\"400\" class=\"wpcf7-form-control wpcf7-text wpcf7-validates-as-required form-fluid\" aria-required=\"true\" aria-invalid=\"false\" placeholder=\"Nombre\" value=\"\" type=\"text\" name=\"Nombre\" \/><\/span>\n<\/p>\n<div class=\"wpcf7-inline-wrapper\">\n\t<p class=\"wpcf7-inline-field\"><span class=\"wpcf7-form-control-wrap\" data-name=\"Email\"><input size=\"40\" maxlength=\"400\" class=\"wpcf7-form-control wpcf7-email wpcf7-validates-as-required wpcf7-text wpcf7-validates-as-email\" aria-required=\"true\" aria-invalid=\"false\" placeholder=\"Email\" value=\"\" type=\"email\" name=\"Email\" \/><\/span>\n\t<\/p>\n\t<p class=\"wpcf7-inline-field\"><span class=\"wpcf7-form-control-wrap\" data-name=\"Telefono\"><input size=\"40\" maxlength=\"400\" class=\"wpcf7-form-control wpcf7-text wpcf7-validates-as-required form-fluid\" aria-required=\"true\" aria-invalid=\"false\" placeholder=\"Tel\u00e9fono\" value=\"\" type=\"text\" name=\"Telefono\" \/><\/span>\n\t<\/p>\n<\/div>\n<h3>Datos del Negocio:\n<\/h3>\n<div style=\"margin-top:15px;\">\n<\/div>\n<div class=\"wpcf7-inline-wrapper\">\n\t<p class=\"wpcf7-inline-field\"><span class=\"wpcf7-form-control-wrap\" data-name=\"Ciudad\"><input size=\"40\" maxlength=\"400\" class=\"wpcf7-form-control wpcf7-text wpcf7-validates-as-required\" aria-required=\"true\" aria-invalid=\"false\" placeholder=\"Ciudad\" value=\"\" type=\"text\" name=\"Ciudad\" \/><\/span>\n\t<\/p>\n\t<p class=\"wpcf7-inline-field\"><span class=\"wpcf7-form-control-wrap\" data-name=\"Sector\"><input size=\"40\" maxlength=\"400\" class=\"wpcf7-form-control wpcf7-text wpcf7-validates-as-required form-fluid\" aria-required=\"true\" aria-invalid=\"false\" placeholder=\"Sector\" value=\"\" type=\"text\" name=\"Sector\" \/><\/span>\n\t<\/p>\n<\/div>\n<p><span class=\"wpcf7-form-control-wrap\" data-name=\"Direccion\"><input size=\"40\" maxlength=\"400\" class=\"wpcf7-form-control wpcf7-text wpcf7-validates-as-required form-fluid\" aria-required=\"true\" aria-invalid=\"false\" placeholder=\"Direcci\u00f3n\" value=\"\" type=\"text\" name=\"Direccion\" \/><\/span>\n<\/p>\n<h3>Lugar d\u00f3nde te gustar\u00eda tener la franquicia:\n<\/h3>\n<div style=\"margin-top:15px;\">\n<\/div>\n<div class=\"wpcf7-inline-wrapper\">\n\t<p class=\"wpcf7-inline-field\">\u00bfTienes alg\u00fan local disponible o quieres un local nuevo?\n\t<\/p>\n\t<p class=\"wpcf7-inline-field\">Si ya tienes un local \u00bfqu\u00e9 tipo de patente posee?\n\t<\/p>\n<\/div>\n<div class=\"wpcf7-inline-wrapper\">\n\t<p class=\"wpcf7-inline-field\"><span class=\"wpcf7-form-control-wrap\" data-name=\"Tiene-Local\"><select class=\"wpcf7-form-control wpcf7-select\" aria-invalid=\"false\" name=\"Tiene-Local\"><option value=\"- Seleccione una alternativa -\">- Seleccione una alternativa -<\/option><option value=\"Tengo un negocio propio\">Tengo un negocio propio<\/option><option value=\"Quiero comenzar de cero\">Quiero comenzar de cero<\/option><\/select><\/span>\n\t<\/p>\n\t<p class=\"wpcf7-inline-field\"><span class=\"wpcf7-form-control-wrap\" data-name=\"Tiene-Patente\"><select class=\"wpcf7-form-control wpcf7-select\" aria-invalid=\"false\" name=\"Tiene-Patente\"><option value=\"- Seleccione las alternaitvas -\">- Seleccione las alternaitvas -<\/option><option value=\"Patente comercial (tiendas o negocios)\">Patente comercial (tiendas o negocios)<\/option><option value=\"Patente industrial (panader\u00edas, f\u00e1bricas de  alimentos, etc).\">Patente industrial (panader\u00edas, f\u00e1bricas de  alimentos, etc).<\/option><option value=\"Patentes de alcoholes (botiller\u00edas y afines)\">Patentes de alcoholes (botiller\u00edas y afines)<\/option><\/select><\/span>\n\t<\/p>\n<\/div>\n<p><span class=\"wpcf7-form-control-wrap\" data-name=\"Mensaje\"><textarea cols=\"40\" rows=\"3\" maxlength=\"2000\" class=\"wpcf7-form-control wpcf7-textarea\" aria-invalid=\"false\" placeholder=\"Comentarios (tienes alg\u00fan comentario adicional)\" name=\"Mensaje\"><\/textarea><\/span>\n<\/p>\n<p><input type=\"hidden\" name=\"Recibido\" value=\"0000\" \/>\n<\/p>\n<p><input class=\"wpcf7-form-control wpcf7-submit has-spinner btn btn-accent\" type=\"submit\" value=\"Enviar mensaje\" \/>\n<\/p><div class=\"wpcf7-response-output\" aria-hidden=\"true\"><\/div>\n<\/form>\n<\/div>\n[\/vc_column][\/vc_row][vc_row row_height_percent=\u00bb35&#8243; override_padding=\u00bbyes\u00bb h_padding=\u00bb0&#8243; top_padding=\u00bb0&#8243; bottom_padding=\u00bb0&#8243; back_color=\u00bbcolor-nhtu\u00bb overlay_alpha=\u00bb50&#8243; gutter_size=\u00bb3&#8243; column_width_percent=\u00bb100&#8243; shift_y=\u00bb0&#8243; z_index=\u00bb0&#8243; uncode_shortcode_id=\u00bb269382&#8243; back_color_type=\u00bbuncode-palette\u00bb][vc_column column_width_percent=\u00bb100&#8243; position_vertical=\u00bbmiddle\u00bb align_horizontal=\u00bbalign_center\u00bb gutter_size=\u00bb3&#8243; style=\u00bbdark\u00bb overlay_alpha=\u00bb50&#8243; shift_x=\u00bb0&#8243; shift_y=\u00bb0&#8243; shift_y_down=\u00bb0&#8243; z_index=\u00bb0&#8243; medium_width=\u00bb0&#8243; mobile_width=\u00bb0&#8243; width=\u00bb1\/1&#8243; uncode_shortcode_id=\u00bb100679&#8243;][vc_single_image media=\u00bb56&#8243; media_width_percent=\u00bb15&#8243; alignment=\u00bbcenter\u00bb uncode_shortcode_id=\u00bb592417&#8243;][vc_custom_heading heading_semantic=\u00bbp\u00bb text_size=\u00bb\u00bb text_weight=\u00bb400&#8243; uncode_shortcode_id=\u00bb983237&#8243;]Copyright\u00a9 2024 Holy Market. Todos los derechos reservados.[\/vc_custom_heading][uncode_socials][\/vc_column][\/vc_row]<\/p>\n<\/div>","protected":false},"excerpt":{"rendered":"<p>[vc_row row_height_percent=\u00bb55&#8243; override_padding=\u00bbyes\u00bb h_padding=\u00bb5&#8243; top_padding=\u00bb0&#8243; bottom_padding=\u00bb0&#8243; back_color=\u00bbcolor-nhtu\u00bb back_image=\u00bb71&#8243; back_repeat=\u00bbno-repeat\u00bb back_position=\u00bbcenter center\u00bb parallax=\u00bbyes\u00bb overlay_color=\u00bbcolor-nhtu\u00bb overlay_alpha=\u00bb75&#8243; gutter_size=\u00bb3&#8243; column_width_percent=\u00bb100&#8243; shift_y=\u00bb0&#8243; z_index=\u00bb0&#8243; uncode_shortcode_id=\u00bb109098&#8243; back_color_type=\u00bbuncode-palette\u00bb [&hellip;]<\/p>\n","protected":false},"author":1,"featured_media":0,"parent":0,"menu_order":0,"comment_status":"closed","ping_status":"closed","template":"","meta":{"footnotes":""},"class_list":["post-39","page","type-page","status-publish","hentry"],"_links":{"self":[{"href":"https:\/\/holymarket.cl\/franquicia\/wp-json\/wp\/v2\/pages\/39"}],"collection":[{"href":"https:\/\/holymarket.cl\/franquicia\/wp-json\/wp\/v2\/pages"}],"about":[{"href":"https:\/\/holymarket.cl\/franquicia\/wp-json\/wp\/v2\/types\/page"}],"author":[{"embeddable":true,"href":"https:\/\/holymarket.cl\/franquicia\/wp-json\/wp\/v2\/users\/1"}],"replies":[{"embeddable":true,"href":"https:\/\/holymarket.cl\/franquicia\/wp-json\/wp\/v2\/comments?post=39"}],"version-history":[{"count":31,"href":"https:\/\/holymarket.cl\/franquicia\/wp-json\/wp\/v2\/pages\/39\/revisions"}],"predecessor-version":[{"id":93,"href":"https:\/\/holymarket.cl\/franquicia\/wp-json\/wp\/v2\/pages\/39\/revisions\/93"}],"wp:attachment":[{"href":"https:\/\/holymarket.cl\/franquicia\/wp-json\/wp\/v2\/media?parent=39"}],"curies":[{"name":"wp","href":"https:\/\/api.w.org\/{rel}","templated":true}]}}